{"id":585,"date":"2021-12-03T10:53:01","date_gmt":"2021-12-03T10:53:01","guid":{"rendered":"https:\/\/demosites.royal-elementor-addons.com\/restaurant-v1\/?page_id=585"},"modified":"2025-11-16T19:36:37","modified_gmt":"2025-11-16T19:36:37","slug":"jobs","status":"publish","type":"page","link":"https:\/\/bossanovabeach.com\/en\/jobs\/","title":{"rendered":"Jobs"},"content":{"rendered":"\t\t<div data-elementor-type=\"wp-page\" data-elementor-id=\"585\" class=\"elementor elementor-585\">\n\t\t\t\t<div class=\"elementor-element elementor-element-c876860 e-flex e-con-boxed wpr-equal-height-no e-con e-parent\" data-id=\"c876860\" data-element_type=\"container\" data-e-type=\"container\" data-settings=\"{&quot;background_background&quot;:&quot;classic&quot;}\">\n\t\t\t\t\t<div class=\"e-con-inner\">\n\t\t<div class=\"elementor-element elementor-element-a13628d e-con-full e-flex wpr-sticky-section-no wpr-equal-height-no e-con e-child\" data-id=\"a13628d\" data-element_type=\"container\" data-e-type=\"container\">\n\t\t\t\t<div class=\"elementor-element elementor-element-f164a33 elementor-widget elementor-widget-heading\" data-id=\"f164a33\" data-element_type=\"widget\" data-e-type=\"widget\" data-widget_type=\"heading.default\">\n\t\t\t\t<div class=\"elementor-widget-container\">\n\t\t\t\t\t<h1 class=\"elementor-heading-title elementor-size-default\">jobs<\/h1>\t\t\t\t<\/div>\n\t\t\t\t<\/div>\n\t\t\t\t<\/div>\n\t\t\t\t\t<\/div>\n\t\t\t\t<\/div>\n\t\t<div class=\"elementor-element elementor-element-b5e745c e-flex e-con-boxed wpr-sticky-section-no wpr-equal-height-no e-con e-parent\" data-id=\"b5e745c\" data-element_type=\"container\" data-e-type=\"container\" data-settings=\"{&quot;background_background&quot;:&quot;classic&quot;}\">\n\t\t\t\t\t<div class=\"e-con-inner\">\n\t\t<div class=\"elementor-element elementor-element-0f50969 e-con-full e-flex wpr-sticky-section-no wpr-equal-height-no e-con e-child\" data-id=\"0f50969\" data-element_type=\"container\" data-e-type=\"container\">\n\t\t\t\t<div class=\"elementor-element elementor-element-557a69d elementor-invisible elementor-widget elementor-widget-heading\" data-id=\"557a69d\" data-element_type=\"widget\" data-e-type=\"widget\" data-settings=\"{&quot;_animation&quot;:&quot;slideInLeft&quot;,&quot;_animation_delay&quot;:100}\" data-widget_type=\"heading.default\">\n\t\t\t\t<div class=\"elementor-widget-container\">\n\t\t\t\t\t<p class=\"elementor-heading-title elementor-size-default\">Wij zijn opzoek<\/p>\t\t\t\t<\/div>\n\t\t\t\t<\/div>\n\t\t\t\t<div class=\"elementor-element elementor-element-0f2138a elementor-widget-divider--view-line elementor-invisible elementor-widget elementor-widget-divider\" data-id=\"0f2138a\" data-element_type=\"widget\" data-e-type=\"widget\" data-settings=\"{&quot;_animation&quot;:&quot;slideInLeft&quot;,&quot;_animation_delay&quot;:200}\" data-widget_type=\"divider.default\">\n\t\t\t\t<div class=\"elementor-widget-container\">\n\t\t\t\t\t\t\t<div class=\"elementor-divider\">\n\t\t\t<span class=\"elementor-divider-separator\">\n\t\t\t\t\t\t<\/span>\n\t\t<\/div>\n\t\t\t\t\t\t<\/div>\n\t\t\t\t<\/div>\n\t\t\t\t<div class=\"elementor-element elementor-element-1ee4408 elementor-invisible elementor-widget elementor-widget-text-editor\" data-id=\"1ee4408\" data-element_type=\"widget\" data-e-type=\"widget\" data-settings=\"{&quot;_animation&quot;:&quot;slideInLeft&quot;,&quot;_animation_delay&quot;:300}\" data-widget_type=\"text-editor.default\">\n\t\t\t\t<div class=\"elementor-widget-container\">\n\t\t\t\t\t\t\t\t\t<p>Wil jij deel uitmaken van ons fantastische team bij Bossa Nova? Dan hebben we goed nieuws voor je!<\/p><p>Bij Bossa Nova streven we ernaar om een werkomgeving te cre\u00ebren waar elke dag voelt als een tropische vakantie. Wil jij er voor zorgen dat onze gasten kunnen genieten van een ultieme strandbeleving?<\/p><p>Of je nu een ervaren horecaprofessional bent of op zoek bent naar een uitdagende nieuwe baan, bij Bossa Nova Beach ben je aan het juiste adres. We bieden niet alleen een relaxte werksfeer en een h\u00e9\u00e9\u00e9l gezellig\u00a0 team, maar ook volop mogelijkheden voor persoonlijke ontwikkeling en groei.<\/p><p>Wil jij deel uitmaken van ons avontuur? Bekijk dan snel onze vacatures hieronder en solliciteer vandaag nog.<\/p><p>Open sollicitaties zijn ook altijd welkom naar: management@bossanovabeach.com\u00a0<\/p>\t\t\t\t\t\t\t\t<\/div>\n\t\t\t\t<\/div>\n\t\t\t\t<\/div>\n\t\t<div class=\"elementor-element elementor-element-af319f7 e-con-full e-flex wpr-sticky-section-no wpr-equal-height-no e-con e-child\" data-id=\"af319f7\" data-element_type=\"container\" data-e-type=\"container\">\n\t\t\t\t<div class=\"elementor-element elementor-element-db4eead elementor-invisible elementor-widget elementor-widget-image\" data-id=\"db4eead\" data-element_type=\"widget\" data-e-type=\"widget\" data-settings=\"{&quot;_animation&quot;:&quot;slideInRight&quot;}\" data-widget_type=\"image.default\">\n\t\t\t\t<div class=\"elementor-widget-container\">\n\t\t\t\t\t\t\t\t\t\t\t\t\t\t\t<img fetchpriority=\"high\" decoding=\"async\" width=\"768\" height=\"1024\" src=\"https:\/\/bossanovabeach.com\/wp-content\/uploads\/2024\/11\/WhatsApp-Image-2024-11-10-at-15.03.42-3-768x1024.jpeg\" class=\"attachment-large size-large wp-image-2933\" alt=\"\" srcset=\"https:\/\/bossanovabeach.com\/wp-content\/uploads\/2024\/11\/WhatsApp-Image-2024-11-10-at-15.03.42-3-768x1024.jpeg 768w, https:\/\/bossanovabeach.com\/wp-content\/uploads\/2024\/11\/WhatsApp-Image-2024-11-10-at-15.03.42-3-225x300.jpeg 225w, https:\/\/bossanovabeach.com\/wp-content\/uploads\/2024\/11\/WhatsApp-Image-2024-11-10-at-15.03.42-3-1152x1536.jpeg 1152w, https:\/\/bossanovabeach.com\/wp-content\/uploads\/2024\/11\/WhatsApp-Image-2024-11-10-at-15.03.42-3-9x12.jpeg 9w, https:\/\/bossanovabeach.com\/wp-content\/uploads\/2024\/11\/WhatsApp-Image-2024-11-10-at-15.03.42-3.jpeg 1200w\" sizes=\"(max-width: 768px) 100vw, 768px\" \/>\t\t\t\t\t\t\t\t\t\t\t\t\t\t\t<\/div>\n\t\t\t\t<\/div>\n\t\t\t\t<\/div>\n\t\t\t\t\t<\/div>\n\t\t\t\t<\/div>\n\t\t<div class=\"elementor-element elementor-element-1103b8c e-flex e-con-boxed wpr-sticky-section-no wpr-equal-height-no e-con e-parent\" data-id=\"1103b8c\" data-element_type=\"container\" data-e-type=\"container\" data-settings=\"{&quot;background_background&quot;:&quot;classic&quot;}\">\n\t\t\t\t\t<div class=\"e-con-inner\">\n\t\t<div class=\"elementor-element elementor-element-3f1e15e e-con-full e-flex wpr-sticky-section-no wpr-equal-height-no e-con e-child\" data-id=\"3f1e15e\" data-element_type=\"container\" data-e-type=\"container\">\n\t\t\t\t<div class=\"elementor-element elementor-element-96c2e57 wpr-grid-columns-1 wpr-grid-columns--tablet1 wpr-grid-columns--mobile1 wpr-item-styles-inner elementor-widget elementor-widget-wpr-grid\" data-id=\"96c2e57\" data-element_type=\"widget\" data-e-type=\"widget\" data-widget_type=\"wpr-grid.default\">\n\t\t\t\t<div class=\"elementor-widget-container\">\n\t\t\t\t\t<ul class=\"wpr-grid-filters elementor-clearfix wpr-grid-filters-sep-right\"><li class=\" wpr-pointer-underline wpr-pointer-line-fx wpr-pointer-fx-slide\"><span  data-filter=\"*\" class=\"wpr-grid-filters-item wpr-active-filter wpr-pointer-item\"><i class=\" wpr-grid-filters-icon-left\"><\/i>All<\/span><em class=\"wpr-grid-filters-sep\"><\/em><\/li><li class=\" wpr-pointer-underline wpr-pointer-line-fx wpr-pointer-fx-slide\"><span class=\"wpr-pointer-item\"  data-ajax-filter=[\"category\",\"jobs\"]  data-filter=\".category-jobs\"><i class=\" wpr-grid-filters-icon-left\"><\/i>jobs<\/span><em class=\"wpr-grid-filters-sep\"><\/em><\/li><li class=\" wpr-pointer-underline wpr-pointer-line-fx wpr-pointer-fx-slide wpr-hidden-element\"><span class=\"wpr-pointer-item\"  data-ajax-filter=[\"category\",\"niet-gecategoriseerd\"]  data-filter=\".category-niet-gecategoriseerd\"><i class=\" wpr-grid-filters-icon-left\"><\/i>Niet gecategoriseerd<\/span><em class=\"wpr-grid-filters-sep\"><\/em><\/li><\/ul><section class=\"wpr-grid elementor-clearfix\" data-settings=\"{&quot;layout&quot;:&quot;list&quot;,&quot;stick_last_element_to_bottom&quot;:&quot;no&quot;,&quot;columns_desktop&quot;:1,&quot;gutter_hr&quot;:15,&quot;gutter_hr_mobile&quot;:15,&quot;gutter_hr_mobile_extra&quot;:15,&quot;gutter_hr_tablet&quot;:15,&quot;gutter_hr_tablet_extra&quot;:15,&quot;gutter_hr_laptop&quot;:15,&quot;gutter_hr_widescreen&quot;:15,&quot;gutter_vr&quot;:50,&quot;gutter_vr_mobile&quot;:50,&quot;gutter_vr_mobile_extra&quot;:50,&quot;gutter_vr_tablet&quot;:50,&quot;gutter_vr_tablet_extra&quot;:50,&quot;gutter_vr_laptop&quot;:50,&quot;gutter_vr_widescreen&quot;:50,&quot;animation&quot;:&quot;default&quot;,&quot;animation_duration&quot;:0.3,&quot;animation_delay&quot;:0.1,&quot;deeplinking&quot;:&quot;no&quot;,&quot;filters_linkable&quot;:&quot;no&quot;,&quot;filters_default_filter&quot;:&quot;&quot;,&quot;filters_count&quot;:&quot;no&quot;,&quot;filters_hide_empty&quot;:&quot;yes&quot;,&quot;filters_animation&quot;:&quot;default&quot;,&quot;filters_animation_duration&quot;:0.3,&quot;filters_animation_delay&quot;:0.1,&quot;pagination_type&quot;:&quot;numbered&quot;,&quot;pagination_max_pages&quot;:1,&quot;media_align&quot;:&quot;left&quot;,&quot;media_width&quot;:25,&quot;media_distance&quot;:0,&quot;lightbox&quot;:{&quot;selector&quot;:&quot;.wpr-grid-image-wrap&quot;,&quot;iframeMaxWidth&quot;:&quot;60%&quot;,&quot;hash&quot;:false,&quot;autoplay&quot;:&quot;true&quot;,&quot;pause&quot;:5000,&quot;progressBar&quot;:&quot;true&quot;,&quot;counter&quot;:&quot;true&quot;,&quot;controls&quot;:&quot;true&quot;,&quot;getCaptionFromTitleOrAlt&quot;:&quot;true&quot;,&quot;thumbnail&quot;:&quot;true&quot;,&quot;showThumbByDefault&quot;:&quot;true&quot;,&quot;share&quot;:&quot;true&quot;,&quot;zoom&quot;:&quot;true&quot;,&quot;fullScreen&quot;:&quot;true&quot;,&quot;download&quot;:&quot;true&quot;}}\" data-advanced-filters=\"no\"><article class=\"wpr-grid-item elementor-clearfix post-3424 post type-post status-publish format-standard has-post-thumbnail hentry category-jobs tag-bar tag-bediening tag-jobs tag-vacature tag-zomerbaan\"><div class=\"wpr-grid-item-inner\"><div class=\"wpr-grid-media-wrap wpr-effect-size-medium \" data-overlay-link=\"yes\"><div class=\"wpr-grid-image-wrap\" data-src=\"https:\/\/bossanovabeach.com\/wp-content\/uploads\/elementor\/thumbs\/bartender-qojqo0i0sbsm67dx0tml66k22c2nfp8klkvbfo4z3s.jpeg\" data-img-on-hover=\"\"  data-src-secondary=\"\"><img decoding=\"async\" data-no-lazy=\"1\" src=\"https:\/\/bossanovabeach.com\/wp-content\/uploads\/elementor\/thumbs\/bartender-qojqo0i0sbsm67dx0tml66k22c2nfp8klkvbfo4z3s.jpeg\" alt=\"Manager\" class=\"wpr-anim-timing-ease-default\"><\/div><div class=\"wpr-grid-media-hover wpr-animation-wrap\"><div class=\"wpr-grid-media-hover-bg  wpr-overlay-fade-in wpr-anim-size-large wpr-anim-timing-ease-default wpr-anim-transparency\" data-url=\"https:\/\/bossanovabeach.com\/en\/floormanager\/\"><\/div><\/div><\/div><div class=\"wpr-grid-item-below-content elementor-clearfix\"><h2 class=\"wpr-grid-item-title elementor-repeater-item-2d29edf wpr-grid-item-display-block wpr-grid-item-align-left wpr-pointer-none wpr-pointer-line-fx wpr-pointer-fx-slide\"><div class=\"inner-block\"><a target=\"_self\"  href=\"https:\/\/bossanovabeach.com\/en\/floormanager\/\">Manager<\/a><\/div><\/h2><div class=\"wpr-grid-item-excerpt elementor-repeater-item-0025724 wpr-grid-item-display-block wpr-grid-item-align-left\"><div class=\"inner-block\"><p>Word jij blij van een goed draaiende zaak, blije gasten en een gemotiveerd team? Jij weet precies hoe je mensen inspireert, processen optimaliseert en elke dag net wat beter maakt dan de vorige. Of je nu uit de horeca komt of ervaring hebt in hospitality &amp; events \u2014 bij Bossa Nova ben jij de spil tussen keuken, bediening en strand.<\/p><\/div><\/div><div class=\"wpr-grid-item-read-more elementor-repeater-item-716d6c5 wpr-grid-item-display-block wpr-grid-item-align-left\"><div class=\"inner-block\"><a target=\"_self\" href=\"https:\/\/bossanovabeach.com\/en\/floormanager\/\" class=\"wpr-button-effect wpr-button-none\"><span>bekijk deze vacature<\/span><\/a><\/div><\/div><\/div><\/div><\/article><article class=\"wpr-grid-item elementor-clearfix post-3402 post type-post status-publish format-standard has-post-thumbnail hentry category-jobs tag-bar tag-bediening tag-jobs tag-vacature tag-zomerbaan\"><div class=\"wpr-grid-item-inner\"><div class=\"wpr-grid-media-wrap wpr-effect-size-medium \" data-overlay-link=\"yes\"><div class=\"wpr-grid-image-wrap\" data-src=\"https:\/\/bossanovabeach.com\/wp-content\/uploads\/elementor\/thumbs\/gallery-9-qofxevekfxqt02o4thjmfk8ctcbxj28y976t4of1rs.jpg\" data-img-on-hover=\"\"  data-src-secondary=\"\"><img decoding=\"async\" data-no-lazy=\"1\" src=\"https:\/\/bossanovabeach.com\/wp-content\/uploads\/elementor\/thumbs\/gallery-9-qofxevekfxqt02o4thjmfk8ctcbxj28y976t4of1rs.jpg\" alt=\"Chef\" class=\"wpr-anim-timing-ease-default\"><\/div><div class=\"wpr-grid-media-hover wpr-animation-wrap\"><div class=\"wpr-grid-media-hover-bg  wpr-overlay-fade-in wpr-anim-size-large wpr-anim-timing-ease-default wpr-anim-transparency\" data-url=\"https:\/\/bossanovabeach.com\/en\/keuken-medewerker\/\"><\/div><\/div><\/div><div class=\"wpr-grid-item-below-content elementor-clearfix\"><h2 class=\"wpr-grid-item-title elementor-repeater-item-2d29edf wpr-grid-item-display-block wpr-grid-item-align-left wpr-pointer-none wpr-pointer-line-fx wpr-pointer-fx-slide\"><div class=\"inner-block\"><a target=\"_self\"  href=\"https:\/\/bossanovabeach.com\/en\/keuken-medewerker\/\">Chef<\/a><\/div><\/h2><div class=\"wpr-grid-item-excerpt elementor-repeater-item-0025724 wpr-grid-item-display-block wpr-grid-item-align-left\"><div class=\"inner-block\"><p>Ben jij die culinaire baas die graag het strand opzoekt zodra de zon schijnt (en zelfs als dat niet zo is)? Dan ben jij misschien wel onze nieuwe chef.<\/p><\/div><\/div><div class=\"wpr-grid-item-read-more elementor-repeater-item-716d6c5 wpr-grid-item-display-block wpr-grid-item-align-left\"><div class=\"inner-block\"><a target=\"_self\" href=\"https:\/\/bossanovabeach.com\/en\/keuken-medewerker\/\" class=\"wpr-button-effect wpr-button-none\"><span>bekijk deze vacature<\/span><\/a><\/div><\/div><\/div><\/div><\/article><article class=\"wpr-grid-item elementor-clearfix post-2597 post type-post status-publish format-standard has-post-thumbnail hentry category-jobs tag-bar tag-bediening tag-jobs tag-vacature tag-zomerbaan\"><div class=\"wpr-grid-item-inner\"><div class=\"wpr-grid-media-wrap wpr-effect-size-medium \" data-overlay-link=\"yes\"><div class=\"wpr-grid-image-wrap\" data-src=\"https:\/\/bossanovabeach.com\/wp-content\/uploads\/elementor\/thumbs\/bartender-qojqo0i0sbsm67dx0tml66k22c2nfp8klkvbfo4z3s.jpeg\" data-img-on-hover=\"\"  data-src-secondary=\"\"><img decoding=\"async\" data-no-lazy=\"1\" src=\"https:\/\/bossanovabeach.com\/wp-content\/uploads\/elementor\/thumbs\/bartender-qojqo0i0sbsm67dx0tml66k22c2nfp8klkvbfo4z3s.jpeg\" alt=\"Floormanager\" class=\"wpr-anim-timing-ease-default\"><\/div><div class=\"wpr-grid-media-hover wpr-animation-wrap\"><div class=\"wpr-grid-media-hover-bg  wpr-overlay-fade-in wpr-anim-size-large wpr-anim-timing-ease-default wpr-anim-transparency\" data-url=\"https:\/\/bossanovabeach.com\/en\/vacature-floormanager\/\"><\/div><\/div><\/div><div class=\"wpr-grid-item-below-content elementor-clearfix\"><h2 class=\"wpr-grid-item-title elementor-repeater-item-2d29edf wpr-grid-item-display-block wpr-grid-item-align-left wpr-pointer-none wpr-pointer-line-fx wpr-pointer-fx-slide\"><div class=\"inner-block\"><a target=\"_self\"  href=\"https:\/\/bossanovabeach.com\/en\/vacature-floormanager\/\">Floormanager<\/a><\/div><\/h2><div class=\"wpr-grid-item-excerpt elementor-repeater-item-0025724 wpr-grid-item-display-block wpr-grid-item-align-left\"><div class=\"inner-block\"><p>Ben jij na je afgelopen jaren als leidinggevende in de horeca op zoek naar een andere gave horeca-zaak om jouw passie op bot te vieren? Of ben jij met enkele jaren horeca-ervaring en je hogere hotelschool-diploma op zak, op zoek naar een jong bedrijf om jouw studie direct in de praktijk te brengen? Je komt graag op je slippers naar je werk?<\/p><\/div><\/div><div class=\"wpr-grid-item-read-more elementor-repeater-item-716d6c5 wpr-grid-item-display-block wpr-grid-item-align-left\"><div class=\"inner-block\"><a target=\"_self\" href=\"https:\/\/bossanovabeach.com\/en\/vacature-floormanager\/\" class=\"wpr-button-effect wpr-button-none\"><span>bekijk deze vacature<\/span><\/a><\/div><\/div><\/div><\/div><\/article><\/section>\t\t\t\t<\/div>\n\t\t\t\t<\/div>\n\t\t\t\t<\/div>\n\t\t\t\t\t<\/div>\n\t\t\t\t<\/div>\n\t\t\t\t<\/div>\n\t\t","protected":false},"excerpt":{"rendered":"<p>jobs Wij zijn opzoek Wil jij deel uitmaken van ons fantastische team bij Bossa Nova? Dan hebben we goed nieuws voor je! Bij Bossa Nova streven we ernaar om een werkomgeving te cre\u00ebren waar elke dag voelt als een tropische vakantie. Wil jij er voor zorgen dat onze gasten kunnen genieten van een ultieme strandbeleving? Of je nu een ervaren horecaprofessional bent of op zoek bent naar een uitdagende nieuwe baan, bij Bossa Nova Beach ben je aan het juiste adres. We bieden niet alleen een relaxte werksfeer en een h\u00e9\u00e9\u00e9l gezellig\u00a0 team, maar ook volop mogelijkheden voor persoonlijke ontwikkeling en groei. Wil jij deel uitmaken van ons avontuur? Bekijk dan snel onze vacatures hieronder en solliciteer vandaag nog. Open sollicitaties zijn ook altijd welkom naar: management@bossanovabeach.com\u00a0 All jobs Niet gecategoriseerd Manager Word jij blij van een goed draaiende zaak, blije gasten en een gemotiveerd team? Jij weet precies hoe je mensen inspireert, processen optimaliseert en elke dag net wat beter maakt dan de vorige. Of je nu uit de horeca komt of ervaring hebt in hospitality &amp; events \u2014 bij Bossa Nova ben jij de spil tussen keuken, bediening en strand. bekijk deze vacature Chef Ben jij die culinaire baas die graag het strand opzoekt zodra de zon schijnt (en zelfs als dat niet zo is)? Dan ben jij misschien wel onze nieuwe chef. bekijk deze vacature Floormanager Ben jij na je afgelopen jaren als leidinggevende in de horeca op zoek naar een andere gave horeca-zaak om jouw passie op bot te vieren? Of ben jij met enkele jaren horeca-ervaring en je hogere hotelschool-diploma op zak, op zoek naar een jong bedrijf om jouw studie direct in de praktijk te brengen? Je komt graag op je slippers naar je werk? bekijk deze vacature<\/p>","protected":false},"author":1,"featured_media":0,"parent":0,"menu_order":0,"comment_status":"closed","ping_status":"closed","template":"elementor_canvas","meta":{"_monsterinsights_skip_tracking":false,"_monsterinsights_sitenote_active":false,"_monsterinsights_sitenote_note":"","_monsterinsights_sitenote_category":0,"footnotes":""},"class_list":["post-585","page","type-page","status-publish","hentry"],"aioseo_notices":[],"_links":{"self":[{"href":"https:\/\/bossanovabeach.com\/en\/wp-json\/wp\/v2\/pages\/585","targetHints":{"allow":["GET"]}}],"collection":[{"href":"https:\/\/bossanovabeach.com\/en\/wp-json\/wp\/v2\/pages"}],"about":[{"href":"https:\/\/bossanovabeach.com\/en\/wp-json\/wp\/v2\/types\/page"}],"author":[{"embeddable":true,"href":"https:\/\/bossanovabeach.com\/en\/wp-json\/wp\/v2\/users\/1"}],"replies":[{"embeddable":true,"href":"https:\/\/bossanovabeach.com\/en\/wp-json\/wp\/v2\/comments?post=585"}],"version-history":[{"count":20,"href":"https:\/\/bossanovabeach.com\/en\/wp-json\/wp\/v2\/pages\/585\/revisions"}],"predecessor-version":[{"id":3436,"href":"https:\/\/bossanovabeach.com\/en\/wp-json\/wp\/v2\/pages\/585\/revisions\/3436"}],"wp:attachment":[{"href":"https:\/\/bossanovabeach.com\/en\/wp-json\/wp\/v2\/media?parent=585"}],"curies":[{"name":"wp","href":"https:\/\/api.w.org\/{rel}","templated":true}]}}